{"id":7063,"date":"2023-06-26T15:02:41","date_gmt":"2023-06-26T15:02:41","guid":{"rendered":"https:\/\/art360.pt\/produto\/manifestacao\/"},"modified":"2023-07-03T10:03:25","modified_gmt":"2023-07-03T10:03:25","slug":"manifestacao","status":"publish","type":"product","link":"https:\/\/art360.pt\/en\/produto\/manifestacao\/","title":{"rendered":"Manifesta\u00e7\u00e3o"},"content":{"rendered":"","protected":false},"excerpt":{"rendered":"<h4>Ac\u00e1cio Viegas<\/h4>\n<h4>\u201cManifesta\u00e7\u00e3o\u201d<\/h4>\n<h5>Technique: Acrylic, aerosol on metal and wood<\/h5>\n<h5>Style: Abstract Geometric<\/h5>\n<h5>Dimensions: 106x71x4<\/h5>\n","protected":false},"featured_media":6492,"template":"","meta":[],"genre":[],"product_cat":[618],"product_tag":[],"class_list":{"0":"post-7063","1":"product","2":"type-product","3":"status-publish","4":"has-post-thumbnail","6":"product_cat-sculpture","8":"first","9":"instock","10":"shipping-taxable","11":"purchasable","12":"product-type-simple"},"_links":{"self":[{"href":"https:\/\/art360.pt\/en\/wp-json\/wp\/v2\/product\/7063","targetHints":{"allow":["GET"]}}],"collection":[{"href":"https:\/\/art360.pt\/en\/wp-json\/wp\/v2\/product"}],"about":[{"href":"https:\/\/art360.pt\/en\/wp-json\/wp\/v2\/types\/product"}],"wp:featuredmedia":[{"embeddable":true,"href":"https:\/\/art360.pt\/en\/wp-json\/wp\/v2\/media\/6492"}],"wp:attachment":[{"href":"https:\/\/art360.pt\/en\/wp-json\/wp\/v2\/media?parent=7063"}],"wp:term":[{"taxonomy":"product_brand","embeddable":true,"href":"https:\/\/art360.pt\/en\/wp-json\/wp\/v2\/genre?post=7063"},{"taxonomy":"product_cat","embeddable":true,"href":"https:\/\/art360.pt\/en\/wp-json\/wp\/v2\/product_cat?post=7063"},{"taxonomy":"product_tag","embeddable":true,"href":"https:\/\/art360.pt\/en\/wp-json\/wp\/v2\/product_tag?post=7063"}],"curies":[{"name":"wp","href":"https:\/\/api.w.org\/{rel}","templated":true}]}}