{"id":6913,"date":"2023-06-30T11:16:27","date_gmt":"2023-06-30T11:16:27","guid":{"rendered":"https:\/\/art360.pt\/produto\/danca-feliz-datada-de-2018\/"},"modified":"2023-06-30T16:55:59","modified_gmt":"2023-06-30T16:55:59","slug":"danca-feliz-datada-de-2018","status":"publish","type":"product","link":"https:\/\/art360.pt\/en\/produto\/danca-feliz-datada-de-2018\/","title":{"rendered":"&#8220;Dan\u00e7a Feliz&#8221; Datada de 2018"},"content":{"rendered":"","protected":false},"excerpt":{"rendered":"<h4>JO\u00c3O PARAM\u00c9S<\/h4>\n<p><\/p>\n<h5>Technique: Acrylic on canvas<\/h5>\n<p><\/p>\n<h5>Style: Expressionist<\/h5>\n<p><\/p>\n<h5>Dimensions: stain 104x150cm<\/h5>\n","protected":false},"featured_media":5654,"template":"","meta":[],"genre":[],"product_cat":[622],"product_tag":[],"class_list":{"0":"post-6913","1":"product","2":"type-product","3":"status-publish","4":"has-post-thumbnail","6":"product_cat-painting","8":"first","9":"instock","10":"shipping-taxable","11":"purchasable","12":"product-type-simple"},"_links":{"self":[{"href":"https:\/\/art360.pt\/en\/wp-json\/wp\/v2\/product\/6913","targetHints":{"allow":["GET"]}}],"collection":[{"href":"https:\/\/art360.pt\/en\/wp-json\/wp\/v2\/product"}],"about":[{"href":"https:\/\/art360.pt\/en\/wp-json\/wp\/v2\/types\/product"}],"wp:featuredmedia":[{"embeddable":true,"href":"https:\/\/art360.pt\/en\/wp-json\/wp\/v2\/media\/5654"}],"wp:attachment":[{"href":"https:\/\/art360.pt\/en\/wp-json\/wp\/v2\/media?parent=6913"}],"wp:term":[{"taxonomy":"product_brand","embeddable":true,"href":"https:\/\/art360.pt\/en\/wp-json\/wp\/v2\/genre?post=6913"},{"taxonomy":"product_cat","embeddable":true,"href":"https:\/\/art360.pt\/en\/wp-json\/wp\/v2\/product_cat?post=6913"},{"taxonomy":"product_tag","embeddable":true,"href":"https:\/\/art360.pt\/en\/wp-json\/wp\/v2\/product_tag?post=6913"}],"curies":[{"name":"wp","href":"https:\/\/api.w.org\/{rel}","templated":true}]}}